{"id":35,"date":"2021-02-03T09:50:09","date_gmt":"2021-02-03T09:50:09","guid":{"rendered":"http:\/\/37.187.125.168\/esportiulacreu\/wordpress\/?page_id=35"},"modified":"2022-02-15T11:47:27","modified_gmt":"2022-02-15T11:47:27","slug":"35-2","status":"publish","type":"page","link":"https:\/\/www.esportiulacreu.com\/","title":{"rendered":"Escola de karate"},"content":{"rendered":"\n<figure class=\"wp-block-image size-large\"><img loading=\"lazy\" decoding=\"async\" width=\"1024\" height=\"278\" src=\"http:\/\/37.187.125.168\/esportiulacreu\/wordpress\/wp-content\/uploads\/2021\/02\/Logo-La-Creu_sense-fons-1024x278.png\" alt=\"\" class=\"wp-image-36\" srcset=\"https:\/\/www.esportiulacreu.com\/wp-content\/uploads\/2021\/02\/Logo-La-Creu_sense-fons-1024x278.png 1024w, https:\/\/www.esportiulacreu.com\/wp-content\/uploads\/2021\/02\/Logo-La-Creu_sense-fons-300x81.png 300w, https:\/\/www.esportiulacreu.com\/wp-content\/uploads\/2021\/02\/Logo-La-Creu_sense-fons-768x209.png 768w, https:\/\/www.esportiulacreu.com\/wp-content\/uploads\/2021\/02\/Logo-La-Creu_sense-fons-1536x417.png 1536w, https:\/\/www.esportiulacreu.com\/wp-content\/uploads\/2021\/02\/Logo-La-Creu_sense-fons-2048x556.png 2048w, https:\/\/www.esportiulacreu.com\/wp-content\/uploads\/2021\/02\/Logo-La-Creu_sense-fons-1200x326.png 1200w, https:\/\/www.esportiulacreu.com\/wp-content\/uploads\/2021\/02\/Logo-La-Creu_sense-fons-1980x538.png 1980w\" sizes=\"auto, (max-width: 1024px) 100vw, 1024px\" \/><\/figure>\n\n\n\n<h2 class=\"has-text-align-center has-large-font-size wp-block-heading\" id=\"escola-de-karate-sabadell\">  <strong>Sabadell<\/strong><\/h2>\n\n\n\n<p class=\"has-text-align-center has-primary-color has-text-color has-large-font-size\"><strong>Estem fent remodelacions del lloc web.&nbsp;D&#8217;aqu\u00ed a poc temps&nbsp;tindrem una versi\u00f3&nbsp;m\u00e9s&nbsp;moderna i&nbsp;m\u00e9s&nbsp;interactiva del nostre lloc.<\/strong><\/p>\n\n\n\n<p class=\"has-primary-color has-text-color\"><strong>Per contactar o podeu fer a karate@esportiulacreu.com<\/strong><\/p>\n\n\n\n<p class=\"has-accent-color has-text-color\"><strong>Carrer Lope de Vega 8-10, 08203 Sabadell.<\/strong><\/p>\n\n\n\n<figure class=\"wp-block-pullquote\"><blockquote><p>Kyokushin significa 1.000 d\u00edas de principiante, 10.000 d\u00edas de reflexi\u00f3n, de profundidad. Con esto quiero decir que debemos ser exigentes con nosotros mismos y amables con los dem\u00e1s. La manera de lograrlo es a trav\u00e9s del Budo<\/p><cite>Sosai Masutatsu Oyama<\/cite><\/blockquote><\/figure>\n\n\n\n<div class=\"wp-block-image is-style-default\"><figure class=\"aligncenter\"><img decoding=\"async\" src=\"http:\/\/37.187.125.168\/esportiulacreu\/wordpress\/wp-content\/uploads\/2022\/01\/logo-ajuntament-sabadell.png\" alt=\"Amb el suport de :\" class=\"wp-image-63\"\/><\/figure><\/div>\n\n\n\n<div class=\"wp-block-image\"><figure class=\"aligncenter size-full\"><img loading=\"lazy\" decoding=\"async\" width=\"300\" height=\"69\" src=\"http:\/\/www.esportiulacreu.com\/wp-content\/uploads\/2022\/01\/logo-ajuntament-sabadell-e1644925574444.png\" alt=\"Ajuntament Sabadell\" class=\"wp-image-63\"\/><\/figure><\/div>\n\n\n\n<p><\/p>\n","protected":false},"excerpt":{"rendered":"<p>Sabadell Estem fent remodelacions del lloc web.&nbsp;D&#8217;aqu\u00ed a poc temps&nbsp;tindrem una versi\u00f3&nbsp;m\u00e9s&nbsp;moderna i&nbsp;m\u00e9s&nbsp;interactiva del nostre lloc. Per contactar o podeu fer a karate@esportiulacreu.com Carrer Lope de Vega 8-10, 08203 Sabadell. Kyokushin significa 1.000 d\u00edas de principiante, 10.000 d\u00edas de reflexi\u00f3n, de profundidad. Con esto quiero decir que debemos ser exigentes con nosotros mismos y amables [&hellip;]<\/p>\n","protected":false},"author":1,"featured_media":0,"parent":0,"menu_order":0,"comment_status":"closed","ping_status":"closed","template":"","meta":{"footnotes":""},"class_list":["post-35","page","type-page","status-publish","hentry"],"_links":{"self":[{"href":"https:\/\/www.esportiulacreu.com\/index.php\/wp-json\/wp\/v2\/pages\/35","targetHints":{"allow":["GET"]}}],"collection":[{"href":"https:\/\/www.esportiulacreu.com\/index.php\/wp-json\/wp\/v2\/pages"}],"about":[{"href":"https:\/\/www.esportiulacreu.com\/index.php\/wp-json\/wp\/v2\/types\/page"}],"author":[{"embeddable":true,"href":"https:\/\/www.esportiulacreu.com\/index.php\/wp-json\/wp\/v2\/users\/1"}],"replies":[{"embeddable":true,"href":"https:\/\/www.esportiulacreu.com\/index.php\/wp-json\/wp\/v2\/comments?post=35"}],"version-history":[{"count":16,"href":"https:\/\/www.esportiulacreu.com\/index.php\/wp-json\/wp\/v2\/pages\/35\/revisions"}],"predecessor-version":[{"id":126,"href":"https:\/\/www.esportiulacreu.com\/index.php\/wp-json\/wp\/v2\/pages\/35\/revisions\/126"}],"wp:attachment":[{"href":"https:\/\/www.esportiulacreu.com\/index.php\/wp-json\/wp\/v2\/media?parent=35"}],"curies":[{"name":"wp","href":"https:\/\/api.w.org\/{rel}","templated":true}]}}